{"id":10,"date":"2015-04-10T12:15:19","date_gmt":"2015-04-10T10:15:19","guid":{"rendered":"http:\/\/nowastrona.dwkoronka.pl\/?page_id=10"},"modified":"2018-02-27T20:58:18","modified_gmt":"2018-02-27T19:58:18","slug":"atrakcje","status":"publish","type":"page","link":"https:\/\/dwkoronka.pl\/?page_id=10","title":{"rendered":"Atrakcje"},"content":{"rendered":"<h3>Co warto zobaczy\u0107 w okolicy:<\/h3>\n<h4>Koczy Zamek<\/h4>\n<blockquote><p>Jak podaje legenda, w miejscu tym sta\u0142 niegdy\u015b zamek w\u0119gierskiego grafa o nazwisku Kocsi..<\/p><\/blockquote>\n<h4><\/h4>\n<h4><a href=\"http:\/\/dwkoronka.sacio.pl\/wp-content\/uploads\/2015\/04\/ko2.jpg\"><img loading=\"lazy\" decoding=\"async\" class=\" size-medium wp-image-90 aligncenter\" src=\"http:\/\/dwkoronka.sacio.pl\/wp-content\/uploads\/2015\/04\/ko2-300x200.jpg\" alt=\"ko2\" width=\"300\" height=\"200\" \/><\/a><\/h4>\n<h4><a href=\"http:\/\/1dwkoronka.sacio.pl\/wp-content\/uploads\/2015\/04\/ko1.jpg\"><img loading=\"lazy\" decoding=\"async\" class=\" size-medium wp-image-89 aligncenter\" src=\"http:\/\/1dwkoronka.sacio.pl\/wp-content\/uploads\/2015\/04\/ko1-300x200.jpg\" alt=\"ko1\" width=\"300\" height=\"200\" srcset=\"https:\/\/dwkoronka.pl\/wp-content\/uploads\/2015\/04\/ko1-300x200.jpg 300w, https:\/\/dwkoronka.pl\/wp-content\/uploads\/2015\/04\/ko1-768x512.jpg 768w, https:\/\/dwkoronka.pl\/wp-content\/uploads\/2015\/04\/ko1-1024x683.jpg 1024w, https:\/\/dwkoronka.pl\/wp-content\/uploads\/2015\/04\/ko1-345x230.jpg 345w, https:\/\/dwkoronka.pl\/wp-content\/uploads\/2015\/04\/ko1-690x460.jpg 690w\" sizes=\"auto, (max-width: 300px) 100vw, 300px\" \/><\/a><\/h4>\n<h4>Ochodzita<\/h4>\n<blockquote><p>G\u00f3ra Ochodzita oraz Koczy Zamek to pi\u0119kne malownicze miejsca znajduj\u0105ce si\u0119 w bezpo\u015brednim s\u0105siedztwie D.W. Koronka. Szczyt Ochodzitej po\u0142o\u017cony 895 m n.p.m. jest wspania\u0142ym punktem widokowym z kt\u00f3rego mo\u017cemy zobaczy\u0107 np. Barani\u0105 G\u00f3r\u0119, Pilsk, Babi\u0105 G\u00f3r\u0119 a nawet szczyty s\u0142owackich Tatr. G\u00f3ra Ochodzita to tak\u017ce jedyne miejsce w Beskidach, z kt\u00f3rego zbocza wyp\u0142ywaj\u0105 wody do 2 r\u00f3\u017cnych m\u00f3rz: Ba\u0142tyku i Morza Czarnego.<\/p><\/blockquote>\n<p><img loading=\"lazy\" decoding=\"async\" class=\"aligncenter size-medium wp-image-86\" src=\"http:\/\/1dwkoronka.sacio.pl\/wp-content\/uploads\/2015\/04\/o1-300x200.jpg\" alt=\"o1\" width=\"300\" height=\"200\" srcset=\"https:\/\/dwkoronka.pl\/wp-content\/uploads\/2015\/04\/o1-300x200.jpg 300w, https:\/\/dwkoronka.pl\/wp-content\/uploads\/2015\/04\/o1-768x512.jpg 768w, https:\/\/dwkoronka.pl\/wp-content\/uploads\/2015\/04\/o1-1024x683.jpg 1024w, https:\/\/dwkoronka.pl\/wp-content\/uploads\/2015\/04\/o1-345x230.jpg 345w, https:\/\/dwkoronka.pl\/wp-content\/uploads\/2015\/04\/o1-690x460.jpg 690w\" sizes=\"auto, (max-width: 300px) 100vw, 300px\" \/><\/p>\n<h4>Tr\u00f3jstyk<\/h4>\n<blockquote><p>Punkt styku trzech granic pa\u0144stw: Polska &#8211; S\u0142owacja &#8211; Czechy<\/p><\/blockquote>\n<h4>Koniakowskie Koronki<\/h4>\n<blockquote><p>Chyba ka\u017cdy s\u0142ysza\u0142 o Koniakowskich koronczarkach, kt\u00f3re wyrabiaj\u0105 przepi\u0119kne koronki a z nich tworz\u0105 takie rzeczy jak serwetki, obrusy, ozdoby a ostatnimi czasy krawaty, bielizn\u0119 itp. Odwiedzaj\u0105c galerie koronki zobaczymy r\u00f3wnie\u017c tradycyjne stroje ludowe oraz rzeczy codziennego u\u017cytku.<\/p>\n<p><a href=\"http:\/\/1dwkoronka.sacio.pl\/wp-content\/uploads\/2015\/04\/k21.png\"><img loading=\"lazy\" decoding=\"async\" class=\"aligncenter size-full wp-image-77\" src=\"http:\/\/1dwkoronka.sacio.pl\/wp-content\/uploads\/2015\/04\/k21.png\" alt=\"k2\" width=\"250\" height=\"246\" srcset=\"https:\/\/dwkoronka.pl\/wp-content\/uploads\/2015\/04\/k21.png 250w, https:\/\/dwkoronka.pl\/wp-content\/uploads\/2015\/04\/k21-234x230.png 234w\" sizes=\"auto, (max-width: 250px) 100vw, 250px\" \/><\/a><\/p><\/blockquote>\n","protected":false},"excerpt":{"rendered":"<p>Co warto zobaczy\u0107 w okolicy: Koczy Zamek Jak podaje legenda, w miejscu tym sta\u0142 niegdy\u015b zamek w\u0119gierskiego grafa o nazwisku Kocsi.. Ochodzita G\u00f3ra Ochodzita oraz Koczy Zamek to pi\u0119kne malownicze miejsca znajduj\u0105ce si\u0119 w bezpo\u015brednim s\u0105siedztwie D.W. Koronka. Szczyt Ochodzitej po\u0142o\u017cony 895 m n.p.m. jest wspania\u0142ym punktem widokowym z kt\u00f3rego mo\u017cemy zobaczy\u0107 np. Barani\u0105 G\u00f3r\u0119, [&hellip;]<\/p>\n","protected":false},"author":1,"featured_media":0,"parent":0,"menu_order":0,"comment_status":"closed","ping_status":"closed","template":"","meta":{"footnotes":""},"class_list":["post-10","page","type-page","status-publish","hentry"],"_links":{"self":[{"href":"https:\/\/dwkoronka.pl\/index.php?rest_route=\/wp\/v2\/pages\/10","targetHints":{"allow":["GET"]}}],"collection":[{"href":"https:\/\/dwkoronka.pl\/index.php?rest_route=\/wp\/v2\/pages"}],"about":[{"href":"https:\/\/dwkoronka.pl\/index.php?rest_route=\/wp\/v2\/types\/page"}],"author":[{"embeddable":true,"href":"https:\/\/dwkoronka.pl\/index.php?rest_route=\/wp\/v2\/users\/1"}],"replies":[{"embeddable":true,"href":"https:\/\/dwkoronka.pl\/index.php?rest_route=%2Fwp%2Fv2%2Fcomments&post=10"}],"version-history":[{"count":1,"href":"https:\/\/dwkoronka.pl\/index.php?rest_route=\/wp\/v2\/pages\/10\/revisions"}],"predecessor-version":[{"id":101,"href":"https:\/\/dwkoronka.pl\/index.php?rest_route=\/wp\/v2\/pages\/10\/revisions\/101"}],"wp:attachment":[{"href":"https:\/\/dwkoronka.pl\/index.php?rest_route=%2Fwp%2Fv2%2Fmedia&parent=10"}],"curies":[{"name":"wp","href":"https:\/\/api.w.org\/{rel}","templated":true}]}}