{"id":90,"date":"2015-03-21T20:05:05","date_gmt":"2015-03-21T19:05:05","guid":{"rendered":"http:\/\/nowastrona.dwkoronka.pl\/?page_id=2"},"modified":"2016-11-18T07:27:34","modified_gmt":"2016-11-18T06:27:34","slug":"o-nas","status":"publish","type":"page","link":"https:\/\/dwkoronka.pl\/?page_id=90","title":{"rendered":"O NAS"},"content":{"rendered":"<h3>\u00a0 \u00a0 Witamy na stronie Domu Wczasowego <strong>KORONKA<\/strong><\/h3>\n<p><a href=\"http:\/\/1dwkoronka.sacio.pl\/wp-content\/uploads\/2015\/05\/2.jpg\"><img loading=\"lazy\" decoding=\"async\" class=\" size-medium wp-image-43 alignright\" src=\"http:\/\/1dwkoronka.sacio.pl\/wp-content\/uploads\/2015\/05\/2-300x200.jpg\" alt=\"2\" width=\"300\" height=\"200\" srcset=\"https:\/\/dwkoronka.pl\/wp-content\/uploads\/2015\/05\/2-300x200.jpg 300w, https:\/\/dwkoronka.pl\/wp-content\/uploads\/2015\/05\/2-768x512.jpg 768w, https:\/\/dwkoronka.pl\/wp-content\/uploads\/2015\/05\/2-1024x683.jpg 1024w, https:\/\/dwkoronka.pl\/wp-content\/uploads\/2015\/05\/2-345x230.jpg 345w, https:\/\/dwkoronka.pl\/wp-content\/uploads\/2015\/05\/2-690x460.jpg 690w\" sizes=\"auto, (max-width: 300px) 100vw, 300px\" \/><\/a><\/p>\n<p style=\"text-align: justify;\">Pragniemy zaprosi\u0107 do wypoczynku oraz wsp\u00f3lnej zabawy w przepi\u0119knym malowniczym Beskidzie \u015al\u0105skim. Nasz Dom Wczasowy jest usytuowany u st\u00f3p tzw. &#8222;Koczego Zamku&#8221;, z kt\u00f3rego rozci\u0105ga si\u0119 wspania\u0142y widok na okoliczne g\u00f3ry, a przy dobrej widoczno\u015bci nawet na Tatry. Terytorialnie znajduje si\u0119 w Koniakowie po\u0142o\u017conym 760 m n. p. m. nale\u017c\u0105cym do Beskidzkiej Tr\u00f3jwsi s\u0142yn\u0105cej na ca\u0142ym \u015bwiecie z przepi\u0119knych tradycyjnych wyrob\u00f3w koronkowych oraz wielu wspania\u0142ych ludowych tradycji i r\u0119kodzie\u0142.<\/p>\n<p>W naszej ofercie znajdziecie Pa\u0144stwo:<\/p>\n<ul>\n<li>noclegi,<\/li>\n<li>imprezy okoliczno\u015bciowe,<\/li>\n<li>bankiety,<\/li>\n<li>wy\u015bmienite g\u00f3ralskie jedzenie z naturalnych sk\u0142adnik\u00f3w<\/li>\n<li>baza dla wielu ekscytuj\u0105cych wypraw&#8230;<\/li>\n<\/ul>\n","protected":false},"excerpt":{"rendered":"<p>\u00a0 \u00a0 Witamy na stronie Domu Wczasowego KORONKA Pragniemy zaprosi\u0107 do wypoczynku oraz wsp\u00f3lnej zabawy w przepi\u0119knym malowniczym Beskidzie \u015al\u0105skim. Nasz Dom Wczasowy jest usytuowany u st\u00f3p tzw. &#8222;Koczego Zamku&#8221;, z kt\u00f3rego rozci\u0105ga si\u0119 wspania\u0142y widok na okoliczne g\u00f3ry, a przy dobrej widoczno\u015bci nawet na Tatry. Terytorialnie znajduje si\u0119 w Koniakowie po\u0142o\u017conym 760 m n. [&hellip;]<\/p>\n","protected":false},"author":1,"featured_media":0,"parent":0,"menu_order":0,"comment_status":"closed","ping_status":"closed","template":"","meta":{"footnotes":""},"class_list":["post-90","page","type-page","status-publish","hentry"],"_links":{"self":[{"href":"https:\/\/dwkoronka.pl\/index.php?rest_route=\/wp\/v2\/pages\/90","targetHints":{"allow":["GET"]}}],"collection":[{"href":"https:\/\/dwkoronka.pl\/index.php?rest_route=\/wp\/v2\/pages"}],"about":[{"href":"https:\/\/dwkoronka.pl\/index.php?rest_route=\/wp\/v2\/types\/page"}],"author":[{"embeddable":true,"href":"https:\/\/dwkoronka.pl\/index.php?rest_route=\/wp\/v2\/users\/1"}],"replies":[{"embeddable":true,"href":"https:\/\/dwkoronka.pl\/index.php?rest_route=%2Fwp%2Fv2%2Fcomments&post=90"}],"version-history":[{"count":1,"href":"https:\/\/dwkoronka.pl\/index.php?rest_route=\/wp\/v2\/pages\/90\/revisions"}],"predecessor-version":[{"id":98,"href":"https:\/\/dwkoronka.pl\/index.php?rest_route=\/wp\/v2\/pages\/90\/revisions\/98"}],"wp:attachment":[{"href":"https:\/\/dwkoronka.pl\/index.php?rest_route=%2Fwp%2Fv2%2Fmedia&parent=90"}],"curies":[{"name":"wp","href":"https:\/\/api.w.org\/{rel}","templated":true}]}}